{"id":21196,"date":"2025-08-15T10:23:33","date_gmt":"2025-08-15T10:23:33","guid":{"rendered":"https:\/\/albaniancoasthomes.com\/\/cookie-richtlinie\/"},"modified":"2025-10-07T08:00:08","modified_gmt":"2025-10-07T08:00:08","slug":"cookie-richtlinie","status":"publish","type":"page","link":"https:\/\/albaniancoasthomes.com\/de\/cookie-richtlinie\/","title":{"rendered":"Cookie-Richtlinie"},"content":{"rendered":"\t\t<div data-elementor-type=\"wp-page\" data-elementor-id=\"21196\" class=\"elementor elementor-21196 elementor-20301\">\n\t\t\t\t<div class=\"elementor-element elementor-element-3129ae0f e-flex e-con-boxed e-con e-parent\" data-id=\"3129ae0f\" data-element_type=\"container\" data-e-type=\"container\">\n\t\t\t\t\t<div class=\"e-con-inner\">\n\t\t\t\t<div class=\"elementor-element elementor-element-550995ac elementor-widget elementor-widget-text-editor\" data-id=\"550995ac\" data-element_type=\"widget\" data-e-type=\"widget\" data-widget_type=\"text-editor.default\">\n\t\t\t\t\t\t\t\t\t<h3><b>Zuletzt aktualisiert: 08.2025<\/b><\/h3><p><b>Einleitung<\/b><b><br \/><\/b><span style=\"font-weight: 400;\"> Unsere Website verwendet Cookies \u2013 kleine Textdateien, die auf Ihrem Ger\u00e4t gespeichert werden \u2013 um Ihr Nutzungserlebnis zu verbessern und wesentliche Funktionen bereitzustellen. Diese Cookie-Richtlinie erkl\u00e4rt, welche Cookies wir verwenden, warum wir sie einsetzen und wie Sie diese verwalten k\u00f6nnen.<\/span><\/p><p><b>Was sind Cookies?<\/b><b><br \/><\/b><span style=\"font-weight: 400;\"> Cookies sind kleine Datendateien, die von Ihrem Browser gespeichert werden. Sie erm\u00f6glichen es uns, uns an Ihre Pr\u00e4ferenzen (wie Sprache oder Anmeldestatus) zu erinnern, Sie eingeloggt zu halten und Ihren Besuch effektiv zu gestalten.<\/span><\/p><p><b>Warum wir Cookies verwenden<\/b><b><br \/><\/b><span style=\"font-weight: 400;\"> Wir nutzen Cookies f\u00fcr die folgenden wesentlichen Zwecke:<\/span><\/p><ul><li style=\"font-weight: 400;\" aria-level=\"1\"><b>Unbedingt erforderliche Cookies<\/b><b><br \/><\/b><span style=\"font-weight: 400;\"> Diese sind f\u00fcr die Funktionalit\u00e4t der Website notwendig \u2013 z. B. f\u00fcr das Absenden von Formularen oder die Navigation zwischen Seiten. Sie sind standardm\u00e4\u00dfig aktiviert und k\u00f6nnen nicht deaktiviert werden, da sie f\u00fcr den Zugriff auf unsere Dienste unerl\u00e4sslich sind.<\/span><span style=\"font-weight: 400;\"><br \/><br \/><\/span><\/li><li style=\"font-weight: 400;\" aria-level=\"1\"><b>Pr\u00e4ferenz-Cookies<\/b><b><br \/><\/b><span style=\"font-weight: 400;\"> Speichern Ihre Auswahl, wie bevorzugte Sprache oder Region, und sorgen so f\u00fcr ein personalisiertes Erlebnis bei Ihrem n\u00e4chsten Besuch.<\/span><span style=\"font-weight: 400;\"><br \/><br \/><\/span><\/li><li style=\"font-weight: 400;\" aria-level=\"1\"><b>Analyse-Cookies<\/b><b><br \/><\/b><span style=\"font-weight: 400;\"> Helfen uns, das Nutzerverhalten zu verstehen \u2013 wie Seitenaufrufe und Website-Performance \u2013 und erm\u00f6glichen so die kontinuierliche Verbesserung unserer Inhalte und der Benutzererfahrung.<\/span><span style=\"font-weight: 400;\"><br \/><br \/><\/span><\/li><li style=\"font-weight: 400;\" aria-level=\"1\"><b>Marketing-\/Tracking-Cookies (falls zutreffend)<\/b><b><br \/><\/b><span style=\"font-weight: 400;\"> Werden verwendet, um relevante Werbung bereitzustellen und die Wirksamkeit von Kampagnen \u00fcber verschiedene Websites hinweg zu messen. Dies erfordert Ihre ausdr\u00fcckliche Zustimmung.<\/span><span style=\"font-weight: 400;\"><br \/><br \/><\/span><\/li><\/ul><p><b>Ihre Einwilligung &amp; Cookie-Verwaltung<\/b><b><br \/><\/b><span style=\"font-weight: 400;\"> Bei Ihrem ersten Besuch erscheint ein Cookie-Banner, das um Ihre Zustimmung zur Verwendung nicht notwendiger Cookies bittet. Sie k\u00f6nnen diese frei annehmen oder ablehnen. Eine erteilte Einwilligung kann jederzeit \u00fcber das Banner \u201eCookies verwalten\u201c oder die Einstellungen Ihres Browsers widerrufen werden.<\/span><\/p><p><span style=\"font-weight: 400;\">Das Deaktivieren von Cookies kann die Leistung der Website beeintr\u00e4chtigen und bestimmte Funktionen einschr\u00e4nken.<\/span><\/p><p><b>Cookies verwalten und deaktivieren<\/b><b><br \/><\/b><span style=\"font-weight: 400;\"> Sie k\u00f6nnen Cookies jederzeit \u00fcber die Einstellungen oder Pr\u00e4ferenzen Ihres Browsers verwalten oder deaktivieren. Anleitungen f\u00fcr die g\u00e4ngigsten Browser finden Sie online, zum Beispiel:<\/span><\/p><ul><li style=\"font-weight: 400;\" aria-level=\"1\"><span style=\"font-weight: 400;\">Chrome \u2013 Cookies und Websitedaten l\u00f6schen<\/span><span style=\"font-weight: 400;\"><br \/><br \/><\/span><\/li><li style=\"font-weight: 400;\" aria-level=\"1\"><span style=\"font-weight: 400;\">Firefox, Safari, Edge \u2013 Einstellungen zum Blockieren oder Akzeptieren von Cookies anpassen<\/span><span style=\"font-weight: 400;\"><br \/><br \/><\/span><\/li><\/ul><p><span style=\"font-weight: 400;\">Hinweis: Das L\u00f6schen von Cookies kann dazu f\u00fchren, dass Sie ausgeloggt werden oder Ihre Website-Pr\u00e4ferenzen zur\u00fcckgesetzt werden.<\/span><\/p><p><b>Cookies von Drittanbietern<\/b><b><br \/><\/b><span style=\"font-weight: 400;\"> Einige Funktionen der Website (z. B. Social-Media-Widgets oder Analysetools) k\u00f6nnen Cookies von Drittanbieter-Domains setzen. Diese unterliegen den jeweiligen Richtlinien der Drittanbieter. Bitte konsultieren Sie deren Datenschutzerkl\u00e4rungen f\u00fcr weitere Informationen.<\/span><\/p><p><b>Rechtsgrundlage<\/b><b><br \/><\/b><span style=\"font-weight: 400;\"> Nach albanischem Recht und den GDPR-konformen Standards informieren wir die Nutzer \u00fcber den Einsatz von Cookies und holen vorab die Zustimmung f\u00fcr nicht notwendige Cookies ein. Unbedingt erforderliche Cookies sind von der Zustimmungspflicht ausgenommen.<\/span><\/p><p><b>Kontaktinformationen<\/b><b><br \/><\/b><span style=\"font-weight: 400;\"> Wenn Sie Fragen zu dieser Cookie-Richtlinie haben, k\u00f6nnen Sie uns gerne kontaktieren:<\/span><\/p><p><span style=\"font-weight: 400;\">Albanian Coast Homes<\/span><span style=\"font-weight: 400;\"><br \/><\/span><span style=\"font-weight: 400;\"> E-Mail: legal@albaniancoasthomes.com<\/span><span style=\"font-weight: 400;\"><br \/><\/span><span style=\"font-weight: 400;\"> Telefon: +355 69 60 333 40<\/span><span style=\"font-weight: 400;\"><br \/><\/span><span style=\"font-weight: 400;\"> B\u00fcro: Pjet\u00ebr Bogdani, Tirana, Albanien<\/span><\/p>\t\t\t\t\t\t\t\t<\/div>\n\t\t\t\t\t<\/div>\n\t\t\t\t<\/div>\n\t\t\t\t<\/div>\n\t\t","protected":false},"excerpt":{"rendered":"<p>Zuletzt aktualisiert: 08.2025 Einleitung Unsere Website verwendet Cookies \u2013 kleine Textdateien, die auf Ihrem Ger\u00e4t gespeichert werden \u2013 um Ihr Nutzungserlebnis zu verbessern und wesentliche Funktionen bereitzustellen. Diese Cookie-Richtlinie erkl\u00e4rt, welche Cookies wir verwenden, warum wir sie einsetzen und wie Sie diese verwalten k\u00f6nnen. Was sind Cookies? Cookies sind kleine Datendateien, die von Ihrem Browser [&hellip;]<\/p>\n","protected":false},"author":1,"featured_media":0,"parent":0,"menu_order":0,"comment_status":"closed","ping_status":"closed","template":"template\/template-page.php","meta":{"footnotes":""},"class_list":["post-21196","page","type-page","status-publish","hentry"],"_links":{"self":[{"href":"https:\/\/albaniancoasthomes.com\/de\/wp-json\/wp\/v2\/pages\/21196","targetHints":{"allow":["GET"]}}],"collection":[{"href":"https:\/\/albaniancoasthomes.com\/de\/wp-json\/wp\/v2\/pages"}],"about":[{"href":"https:\/\/albaniancoasthomes.com\/de\/wp-json\/wp\/v2\/types\/page"}],"author":[{"embeddable":true,"href":"https:\/\/albaniancoasthomes.com\/de\/wp-json\/wp\/v2\/users\/1"}],"replies":[{"embeddable":true,"href":"https:\/\/albaniancoasthomes.com\/de\/wp-json\/wp\/v2\/comments?post=21196"}],"version-history":[{"count":0,"href":"https:\/\/albaniancoasthomes.com\/de\/wp-json\/wp\/v2\/pages\/21196\/revisions"}],"wp:attachment":[{"href":"https:\/\/albaniancoasthomes.com\/de\/wp-json\/wp\/v2\/media?parent=21196"}],"curies":[{"name":"wp","href":"https:\/\/api.w.org\/{rel}","templated":true}]}}