{"id":21237,"date":"2025-08-27T10:11:06","date_gmt":"2025-08-27T10:11:06","guid":{"rendered":"https:\/\/albaniancoasthomes.com\/\/auslegung-und-definitionen\/"},"modified":"2025-10-07T08:40:06","modified_gmt":"2025-10-07T08:40:06","slug":"auslegung-und-definitionen","status":"publish","type":"page","link":"https:\/\/albaniancoasthomes.com\/de\/auslegung-und-definitionen\/","title":{"rendered":"Auslegung und Definitionen"},"content":{"rendered":"\t\t<div data-elementor-type=\"wp-page\" data-elementor-id=\"21237\" class=\"elementor elementor-21237 elementor-20769\">\n\t\t\t\t<div class=\"elementor-element elementor-element-3129ae0f e-flex e-con-boxed e-con e-parent\" data-id=\"3129ae0f\" data-element_type=\"container\" data-e-type=\"container\">\n\t\t\t\t\t<div class=\"e-con-inner\">\n\t\t\t\t<div class=\"elementor-element elementor-element-550995ac elementor-widget elementor-widget-text-editor\" data-id=\"550995ac\" data-element_type=\"widget\" data-e-type=\"widget\" data-widget_type=\"text-editor.default\">\n\t\t\t\t\t\t\t\t\t<p><b>Auslegung<\/b><b><br \/><\/b><span style=\"font-weight: 400;\"> W\u00f6rter, deren Anfangsbuchstabe gro\u00dfgeschrieben ist, haben Bedeutungen, die unter den folgenden Bedingungen definiert sind. Die folgenden Definitionen haben die gleiche Bedeutung, unabh\u00e4ngig davon, ob sie im Singular oder im Plural erscheinen.<\/span><\/p><p><b>Definitionen<\/b><b><br \/><\/b><span style=\"font-weight: 400;\"> F\u00fcr die Zwecke dieser Allgemeinen Gesch\u00e4ftsbedingungen gilt:<\/span><\/p><ul><li style=\"font-weight: 400;\" aria-level=\"1\"><b>Affiliate<\/b><span style=\"font-weight: 400;\"> bezeichnet ein Unternehmen, das eine Partei kontrolliert, von dieser kontrolliert wird oder unter gemeinsamer Kontrolle mit einer Partei steht, wobei \u201eKontrolle\u201c den Besitz von 50 % oder mehr der Anteile, Kapitalbeteiligungen oder sonstigen stimmberechtigten Wertpapiere f\u00fcr die Wahl von Direktoren oder anderer Leitungsorgane bedeutet.<\/span><span style=\"font-weight: 400;\"><br \/><br \/><\/span><\/li><li style=\"font-weight: 400;\" aria-level=\"1\"><b>Land<\/b><span style=\"font-weight: 400;\"> bezieht sich auf: Albanien.<\/span><span style=\"font-weight: 400;\"><br \/><br \/><\/span><\/li><li style=\"font-weight: 400;\" aria-level=\"1\"><b>Unternehmen<\/b><span style=\"font-weight: 400;\"> (in dieser Vereinbarung auch als \u201edas Unternehmen\u201c, \u201ewir\u201c, \u201euns\u201c oder \u201eunser\u201c bezeichnet) bezieht sich auf Albanian Coast Homes, Pjet\u00ebr Bogdani.<\/span><span style=\"font-weight: 400;\"><br \/><br \/><\/span><\/li><li style=\"font-weight: 400;\" aria-level=\"1\"><b>Ger\u00e4t<\/b><span style=\"font-weight: 400;\"> bezeichnet jedes Ger\u00e4t, das auf den Service zugreifen kann, wie z. B. einen Computer, ein Mobiltelefon oder ein Tablet.<\/span><span style=\"font-weight: 400;\"><br \/><br \/><\/span><\/li><li style=\"font-weight: 400;\" aria-level=\"1\"><b>Service<\/b><span style=\"font-weight: 400;\"> bezeichnet die Website.<\/span><span style=\"font-weight: 400;\"><br \/><br \/><\/span><\/li><li style=\"font-weight: 400;\" aria-level=\"1\"><b>Allgemeine Gesch\u00e4ftsbedingungen (AGB)<\/b><span style=\"font-weight: 400;\"> bezeichnen diese Vereinbarung, die die gesamte Vereinbarung zwischen Ihnen und dem Unternehmen in Bezug auf die Nutzung des Services darstellt.<\/span><span style=\"font-weight: 400;\"><br \/><br \/><\/span><\/li><li style=\"font-weight: 400;\" aria-level=\"1\"><b>Drittanbieter-Sozialmediendienst<\/b><span style=\"font-weight: 400;\"> bezeichnet alle Dienste oder Inhalte (einschlie\u00dflich Daten, Informationen, Produkte oder Dienstleistungen), die von einem Dritten bereitgestellt und \u00fcber den Service angezeigt, eingebunden oder verf\u00fcgbar gemacht werden k\u00f6nnen.<\/span><span style=\"font-weight: 400;\"><br \/><br \/><\/span><\/li><li style=\"font-weight: 400;\" aria-level=\"1\"><b>Website<\/b><span style=\"font-weight: 400;\"> bezieht sich auf Albanian Coast Homes, abrufbar unter<\/span><a href=\"https:\/\/albaniancoasthomes.com\/\"> <span style=\"font-weight: 400;\">https:\/\/albaniancoasthomes.com\/<\/span><\/a><span style=\"font-weight: 400;\">.<\/span><span style=\"font-weight: 400;\"><br \/><br \/><\/span><\/li><li style=\"font-weight: 400;\" aria-level=\"1\"><b>Sie<\/b><span style=\"font-weight: 400;\"> bezeichnet die Person, die auf den Service zugreift oder diesen nutzt, oder das Unternehmen oder die andere juristische Person, in deren Namen diese Person auf den Service zugreift oder diesen nutzt, soweit zutreffend.<\/span><span style=\"font-weight: 400;\"><br \/><br \/><\/span><\/li><\/ul><h3><b>Anerkennung<\/b><\/h3><p><span style=\"font-weight: 400;\">Diese AGB regeln die Nutzung dieses Services und stellen die Vereinbarung zwischen Ihnen und dem Unternehmen dar. Sie legen die Rechte und Pflichten aller Nutzer im Zusammenhang mit der Nutzung des Services fest.<\/span><\/p><p><span style=\"font-weight: 400;\">Ihr Zugriff auf und Ihre Nutzung des Services setzt Ihre Zustimmung zu und Einhaltung dieser AGB voraus. Diese AGB gelten f\u00fcr alle Besucher, Nutzer und andere Personen, die auf den Service zugreifen oder ihn nutzen.<\/span><\/p><p><span style=\"font-weight: 400;\">Durch den Zugriff auf oder die Nutzung des Services erkl\u00e4ren Sie sich mit diesen AGB einverstanden. Wenn Sie mit einem Teil dieser Bedingungen nicht einverstanden sind, d\u00fcrfen Sie den Service nicht nutzen.<\/span><\/p><p><span style=\"font-weight: 400;\">Sie best\u00e4tigen, dass Sie \u00fcber 18 Jahre alt sind. Das Unternehmen gestattet keine Nutzung des Services durch Personen unter 18 Jahren.<\/span><\/p><p><span style=\"font-weight: 400;\">Ihr Zugriff auf und Ihre Nutzung des Services setzt auch Ihre Zustimmung zu und Einhaltung der <\/span><b>Datenschutzerkl\u00e4rung<\/b><span style=\"font-weight: 400;\"> des Unternehmens voraus. Bitte lesen Sie unsere Datenschutzerkl\u00e4rung sorgf\u00e4ltig, bevor Sie unseren Service nutzen.<\/span><\/p><h3><b>Links zu anderen Websites<\/b><\/h3><p><span style=\"font-weight: 400;\">Unser Service kann Links zu Websites oder Diensten Dritter enthalten, die nicht im Besitz oder unter der Kontrolle des Unternehmens stehen. Wir haben keine Kontrolle \u00fcber die Inhalte, Datenschutzrichtlinien oder Praktiken Dritter und \u00fcbernehmen hierf\u00fcr keine Verantwortung.<\/span><\/p><p><span style=\"font-weight: 400;\">Sie erkennen an und stimmen zu, dass das Unternehmen weder direkt noch indirekt f\u00fcr Sch\u00e4den oder Verluste haftbar ist, die durch die Nutzung solcher Inhalte, Waren oder Dienstleistungen entstehen oder angeblich entstehen.<\/span><\/p><p><span style=\"font-weight: 400;\">Wir empfehlen Ihnen dringend, die Allgemeinen Gesch\u00e4ftsbedingungen und Datenschutzrichtlinien aller Websites oder Dienste Dritter, die Sie besuchen, zu lesen.<\/span><\/p><h3><b>K\u00fcndigung<\/b><\/h3><p><span style=\"font-weight: 400;\">Wir k\u00f6nnen Ihren Zugang zum Service jederzeit und ohne vorherige Ank\u00fcndigung oder Haftung aus beliebigem Grund beenden oder aussetzen, einschlie\u00dflich \u2013 aber nicht beschr\u00e4nkt auf \u2013 wenn Sie gegen diese AGB versto\u00dfen.<\/span><\/p><p><span style=\"font-weight: 400;\">Mit Beendigung endet Ihr Recht zur Nutzung des Services sofort.<\/span><\/p><h3><b>Haftungsbeschr\u00e4nkung<\/b><\/h3><p><span style=\"font-weight: 400;\">Ungeachtet etwaiger Sch\u00e4den, die Sie erleiden k\u00f6nnten, ist die gesamte Haftung des Unternehmens und seiner Lieferanten unter diesen AGB und Ihr ausschlie\u00dflicher Rechtsbehelf auf den Betrag beschr\u00e4nkt, den Sie tats\u00e4chlich \u00fcber den Service gezahlt haben, oder 100 USD, falls Sie nichts \u00fcber den Service gekauft haben.<\/span><\/p><p><span style=\"font-weight: 400;\">Soweit gesetzlich zul\u00e4ssig, haften das Unternehmen oder seine Lieferanten in keinem Fall f\u00fcr besondere, beil\u00e4ufige, indirekte oder Folgesch\u00e4den (einschlie\u00dflich, aber nicht beschr\u00e4nkt auf entgangene Gewinne, Datenverlust, Gesch\u00e4ftsunterbrechung, Personensch\u00e4den, Verletzung der Privatsph\u00e4re oder \u00e4hnliche Sch\u00e4den), selbst wenn das Unternehmen auf die M\u00f6glichkeit solcher Sch\u00e4den hingewiesen wurde.<\/span><\/p><h3><b>\u201eWIE BESEHEN\u201c und \u201eWIE VERF\u00dcGBAR\u201c-Haftungsausschluss<\/b><\/h3><p><span style=\"font-weight: 400;\">Der Service wird Ihnen \u201ewie besehen\u201c und \u201ewie verf\u00fcgbar\u201c ohne jegliche Gew\u00e4hrleistung bereitgestellt. Das Unternehmen lehnt im gr\u00f6\u00dftm\u00f6glichen gesetzlich zul\u00e4ssigen Umfang alle ausdr\u00fccklichen, stillschweigenden, gesetzlichen oder sonstigen Gew\u00e4hrleistungen ab, einschlie\u00dflich, aber nicht beschr\u00e4nkt auf:<\/span><\/p><ul><li style=\"font-weight: 400;\" aria-level=\"1\"><span style=\"font-weight: 400;\">Marktg\u00e4ngigkeit,<\/span><span style=\"font-weight: 400;\"><br \/><br \/><\/span><\/li><li style=\"font-weight: 400;\" aria-level=\"1\"><span style=\"font-weight: 400;\">Eignung f\u00fcr einen bestimmten Zweck,<\/span><span style=\"font-weight: 400;\"><br \/><br \/><\/span><\/li><li style=\"font-weight: 400;\" aria-level=\"1\"><span style=\"font-weight: 400;\">Eigentum und Nichtverletzung von Rechten,<\/span><span style=\"font-weight: 400;\"><br \/><br \/><\/span><\/li><li style=\"font-weight: 400;\" aria-level=\"1\"><span style=\"font-weight: 400;\">st\u00f6rungsfreie oder fehlerfreie Nutzung.<\/span><span style=\"font-weight: 400;\"><br \/><br \/><\/span><\/li><\/ul><p><span style=\"font-weight: 400;\">Wir \u00fcbernehmen keine Garantie daf\u00fcr, dass der Service Ihre Anforderungen erf\u00fcllt, beabsichtigte Ergebnisse erzielt, mit anderer Software oder Ger\u00e4ten kompatibel ist, ohne Unterbrechungen funktioniert oder frei von Viren oder Schadsoftware ist.<\/span><\/p><h3><b>Anwendbares Recht<\/b><\/h3><p><span style=\"font-weight: 400;\">Diese AGB und Ihre Nutzung des Services unterliegen den Gesetzen Albaniens, unter Ausschluss der Kollisionsnormen.<\/span><\/p><h3><b>Streitbeilegung<\/b><\/h3><p><span style=\"font-weight: 400;\">Wenn Sie ein Anliegen oder einen Streitfall in Bezug auf den Service haben, erkl\u00e4ren Sie sich damit einverstanden, zun\u00e4chst zu versuchen, diesen informell durch Kontaktaufnahme mit dem Unternehmen zu l\u00f6sen.<\/span><\/p><h3><b>F\u00fcr EU-Nutzer<\/b><\/h3><p><span style=\"font-weight: 400;\">Wenn Sie Verbraucher mit Wohnsitz in der Europ\u00e4ischen Union sind, profitieren Sie von allen zwingenden gesetzlichen Bestimmungen des Landes, in dem Sie wohnen.<\/span><\/p><h3><b>Einhaltung des US-Rechts<\/b><\/h3><p><span style=\"font-weight: 400;\">Sie versichern, dass Sie sich nicht in einem Land befinden, das einem US-Embargo unterliegt oder von den USA als \u201eterrorunterst\u00fctzendes\u201c Land eingestuft wurde, und dass Sie nicht auf einer US-Regierungsliste verbotener oder eingeschr\u00e4nkter Parteien stehen.<\/span><\/p><h3><b>Salvatorische Klausel und Verzicht<\/b><\/h3><p><b>Salvatorische Klausel<\/b><b><br \/><\/b><span style=\"font-weight: 400;\"> Sollte eine Bestimmung dieser AGB als nicht durchsetzbar oder ung\u00fcltig erachtet werden, wird diese Bestimmung so ge\u00e4ndert und ausgelegt, dass die Ziele der Bestimmung im gr\u00f6\u00dftm\u00f6glichen gesetzlich zul\u00e4ssigen Umfang erreicht werden. Die \u00fcbrigen Bestimmungen bleiben weiterhin in vollem Umfang g\u00fcltig.<\/span><\/p><p><b>Verzicht<\/b><b><br \/><\/b><span style=\"font-weight: 400;\"> Das Vers\u00e4umnis, ein Recht auszu\u00fcben oder die Erf\u00fcllung einer Verpflichtung zu verlangen, stellt keinen Verzicht auf dieses Recht dar. Ebenso bedeutet der Verzicht auf einen Versto\u00df nicht den Verzicht auf einen sp\u00e4teren Versto\u00df.<\/span><\/p><h3><b>\u00dcbersetzungsinterpretation<\/b><\/h3><p><span style=\"font-weight: 400;\">Diese AGB k\u00f6nnen \u00fcbersetzt worden sein, wenn wir sie Ihnen in unserem Service zur Verf\u00fcgung gestellt haben. Sie erkl\u00e4ren sich damit einverstanden, dass im Streitfall die englische Originalversion ma\u00dfgeblich ist.<\/span><\/p><h3><b>\u00c4nderungen dieser AGB<\/b><\/h3><p><span style=\"font-weight: 400;\">Wir behalten uns das Recht vor, diese AGB jederzeit nach eigenem Ermessen zu \u00e4ndern oder zu ersetzen. Im Falle wesentlicher \u00c4nderungen werden wir uns bem\u00fchen, Sie mindestens 30 Tage vor Inkrafttreten der neuen Bedingungen zu informieren.<\/span><\/p><p><span style=\"font-weight: 400;\">Durch die weitere Nutzung unseres Services nach Inkrafttreten der \u00c4nderungen erkl\u00e4ren Sie sich mit den \u00fcberarbeiteten Bedingungen einverstanden. Wenn Sie mit den neuen Bedingungen nicht einverstanden sind, stellen Sie bitte die Nutzung der Website und des Services ein.<\/span><\/p><h3><b>Kontakt<\/b><\/h3><p><span style=\"font-weight: 400;\">Wenn Sie Fragen zu diesen Allgemeinen Gesch\u00e4ftsbedingungen haben, k\u00f6nnen Sie uns kontaktieren:<\/span><\/p><ul><li style=\"font-weight: 400;\" aria-level=\"1\"><span style=\"font-weight: 400;\">Per E-Mail: info@albaniancoasthomes.com<\/span><span style=\"font-weight: 400;\"><br \/><br \/><\/span><\/li><li style=\"font-weight: 400;\" aria-level=\"1\"><span style=\"font-weight: 400;\">\u00dcber diese Seite:<\/span><a href=\"https:\/\/albaniancoasthomes.com\/contact\/\"> <span style=\"font-weight: 400;\">https:\/\/albaniancoasthomes.com\/contact\/<\/span><span style=\"font-weight: 400;\"><br \/><br \/><\/span><\/a><\/li><li style=\"font-weight: 400;\" aria-level=\"1\"><span style=\"font-weight: 400;\">Per Telefon: +355 69 60 333 40<\/span><\/li><\/ul>\t\t\t\t\t\t\t\t<\/div>\n\t\t\t\t\t<\/div>\n\t\t\t\t<\/div>\n\t\t\t\t<\/div>\n\t\t","protected":false},"excerpt":{"rendered":"<p>Auslegung W\u00f6rter, deren Anfangsbuchstabe gro\u00dfgeschrieben ist, haben Bedeutungen, die unter den folgenden Bedingungen definiert sind. Die folgenden Definitionen haben die gleiche Bedeutung, unabh\u00e4ngig davon, ob sie im Singular oder im Plural erscheinen. Definitionen F\u00fcr die Zwecke dieser Allgemeinen Gesch\u00e4ftsbedingungen gilt: Affiliate bezeichnet ein Unternehmen, das eine Partei kontrolliert, von dieser kontrolliert wird oder unter gemeinsamer [&hellip;]<\/p>\n","protected":false},"author":1,"featured_media":0,"parent":0,"menu_order":0,"comment_status":"closed","ping_status":"closed","template":"template\/template-page.php","meta":{"footnotes":""},"class_list":["post-21237","page","type-page","status-publish","hentry"],"_links":{"self":[{"href":"https:\/\/albaniancoasthomes.com\/de\/wp-json\/wp\/v2\/pages\/21237","targetHints":{"allow":["GET"]}}],"collection":[{"href":"https:\/\/albaniancoasthomes.com\/de\/wp-json\/wp\/v2\/pages"}],"about":[{"href":"https:\/\/albaniancoasthomes.com\/de\/wp-json\/wp\/v2\/types\/page"}],"author":[{"embeddable":true,"href":"https:\/\/albaniancoasthomes.com\/de\/wp-json\/wp\/v2\/users\/1"}],"replies":[{"embeddable":true,"href":"https:\/\/albaniancoasthomes.com\/de\/wp-json\/wp\/v2\/comments?post=21237"}],"version-history":[{"count":0,"href":"https:\/\/albaniancoasthomes.com\/de\/wp-json\/wp\/v2\/pages\/21237\/revisions"}],"wp:attachment":[{"href":"https:\/\/albaniancoasthomes.com\/de\/wp-json\/wp\/v2\/media?parent=21237"}],"curies":[{"name":"wp","href":"https:\/\/api.w.org\/{rel}","templated":true}]}}